{"id":11,"date":"2015-04-02T10:00:24","date_gmt":"2015-04-02T09:00:24","guid":{"rendered":"http:\/\/mariuszhermanowicz.com\/?page_id=11"},"modified":"2015-04-02T10:00:24","modified_gmt":"2015-04-02T09:00:24","slug":"a-propos","status":"publish","type":"page","link":"http:\/\/mariuszhermanowicz.com\/index.php\/a-propos\/","title":{"rendered":"\u00c0 propos"},"content":{"rendered":"<p style=\"text-align: right;\">&#8222;\u00c0 chaque fois que je me trouve dans un nouvel int\u00e9rieur,<br \/>\nje me sens attir\u00e9\u00a0(je\u00a0le\u00a0ressens physiquement)\u00a0vers la<br \/>\nou les fen\u00eatres, afin d&#8217;apercevoir ce qu&#8217;on en voit.&#8221;<br \/>\nMariusz Hermanowicz<\/p>\n<p>Que se passe-t-il avec les archives de Mariusz Hermanowicz ?<\/p>\n<p>Expositions, publications, m\u00e9dias, rencontres, d\u00e9couvertes, collections, tout pour suivre l&#8217;actualit\u00e9 officielle de l&#8217;\u0153uvre de Mariusz Hermanowicz.<\/p>\n<p>Pour recevoir les informations sur les mises \u00e0 jour, aimez nos pages :<\/p>\n<p><iframe loading=\"lazy\" style=\"border: none; overflow: hidden;\" src=\"https:\/\/www.facebook.com\/plugins\/like.php?href=https%3A%2F%2Fwww.mariuszhermanowicz.com&amp;width=450&amp;layout=standard&amp;action=like&amp;size=small&amp;show_faces=false&amp;share=true&amp;height=35&amp;appId\" width=\"450\" height=\"35\" frameborder=\"0\" scrolling=\"no\"><\/iframe><\/p>\n","protected":false},"excerpt":{"rendered":"<p>&#8222;\u00c0 chaque fois que je me trouve dans un nouvel int\u00e9rieur, je me sens attir\u00e9\u00a0(je\u00a0le\u00a0ressens physiquement)\u00a0vers la ou les fen\u00eatres, afin d&#8217;apercevoir ce qu&#8217;on en voit.&#8221; Mariusz Hermanowicz Que se passe-t-il avec les archives de Mariusz Hermanowicz ? Expositions, publications, m\u00e9dias, rencontres, d\u00e9couvertes, collections, tout pour suivre l&#8217;actualit\u00e9 officielle de l&#8217;\u0153uvre de Mariusz Hermanowicz. Pour [&hellip;]<\/p>\n","protected":false},"author":1,"featured_media":0,"parent":0,"menu_order":0,"comment_status":"open","ping_status":"closed","template":"","meta":{"footnotes":""},"class_list":["post-11","page","type-page","status-publish","hentry"],"_links":{"self":[{"href":"http:\/\/mariuszhermanowicz.com\/index.php\/wp-json\/wp\/v2\/pages\/11","targetHints":{"allow":["GET"]}}],"collection":[{"href":"http:\/\/mariuszhermanowicz.com\/index.php\/wp-json\/wp\/v2\/pages"}],"about":[{"href":"http:\/\/mariuszhermanowicz.com\/index.php\/wp-json\/wp\/v2\/types\/page"}],"author":[{"embeddable":true,"href":"http:\/\/mariuszhermanowicz.com\/index.php\/wp-json\/wp\/v2\/users\/1"}],"replies":[{"embeddable":true,"href":"http:\/\/mariuszhermanowicz.com\/index.php\/wp-json\/wp\/v2\/comments?post=11"}],"version-history":[{"count":0,"href":"http:\/\/mariuszhermanowicz.com\/index.php\/wp-json\/wp\/v2\/pages\/11\/revisions"}],"wp:attachment":[{"href":"http:\/\/mariuszhermanowicz.com\/index.php\/wp-json\/wp\/v2\/media?parent=11"}],"curies":[{"name":"wp","href":"https:\/\/api.w.org\/{rel}","templated":true}]}}